{"id":720,"date":"2023-03-20T11:08:46","date_gmt":"2023-03-20T11:08:46","guid":{"rendered":"https:\/\/www.iesbeatrizdesuabia.es\/?page_id=720"},"modified":"2025-03-24T09:02:12","modified_gmt":"2025-03-24T09:02:12","slug":"practicum-master-secundaria","status":"publish","type":"page","link":"https:\/\/www.iesbeatrizdesuabia.es\/?page_id=720","title":{"rendered":"PR\u00c1CTICUM M\u00c1STER SECUNDARIA"},"content":{"rendered":"<div class=\"fusion-fullwidth fullwidth-box fusion-builder-row-1 fusion-flex-container nonhundred-percent-fullwidth non-hundred-percent-height-scrolling\" style=\"background-color: #ffffff;background-position: center center;background-repeat: no-repeat;border-width: 0px 0px 0px 0px;border-color:#eae9e9;border-style:solid;\" ><div class=\"fusion-builder-row fusion-row fusion-flex-align-items-flex-start\" style=\"max-width:1248px;margin-left: calc(-4% \/ 2 );margin-right: calc(-4% \/ 2 );\"><div class=\"fusion-layout-column fusion_builder_column fusion-builder-column-0 fusion_builder_column_1_1 1_1 fusion-flex-column\"><div class=\"fusion-column-wrapper fusion-flex-justify-content-flex-start fusion-content-layout-column\" style=\"background-position:left top;background-repeat:no-repeat;-webkit-background-size:cover;-moz-background-size:cover;-o-background-size:cover;background-size:cover;padding: 0px 0px 0px 0px;\"><style type=\"text\/css\">@media only screen and (max-width:1024px) {.fusion-title.fusion-title-1{margin-top:10px!important;margin-bottom:15px!important;}}@media only screen and (max-width:640px) {.fusion-title.fusion-title-1{margin-top:10px!important;margin-bottom:10px!important;}}<\/style><div class=\"fusion-title title fusion-title-1 sep-underline sep-solid fusion-title-text fusion-title-size-one\" style=\"border-bottom-color:#216355;margin-top:10px;margin-bottom:15px;\"><h1 class=\"title-heading-left\" style=\"font-family:&quot;Open Sans&quot;;font-weight:700;margin:0;color:#216355;\">Pr\u00e1cticum M\u00e1ster Secundaria<\/h1><\/div><div class=\"fusion-text fusion-text-1\" style=\"transform:translate3d(0,0,0);\"><p style=\"text-align: justify;\">A trav\u00e9s de este programa, el IES Beatriz de Suabia contar\u00e1 con un grupo de alumnos y alumnas en pr\u00e1cticas de la Universidad, que trabajar\u00e1n en una situaci\u00f3n real las competencias generales de su M\u00e1ster y las espec\u00edficas de su asignatura.<\/p>\n<p style=\"text-align: justify;\">En los Centros de pr\u00e1cticas, adem\u00e1s de la planificaci\u00f3n y la intervenci\u00f3n docente directa, se participar\u00e1 en otros aspectos de la vida del Centro necesarios para la pr\u00e1ctica profesional, como: la tutor\u00eda, reuniones de equipo docente, sesiones de evaluaci\u00f3n, de departamento did\u00e1ctico, equipo t\u00e9cnico de coordinaci\u00f3n pedag\u00f3gica, Claustro, etc.<\/p>\n<p style=\"text-align: justify;\">Para facilitar el aprendizaje y aplicaci\u00f3n de competencias en los centros de pr\u00e1cticas los alumnos\/as pasar\u00e1n por las siguientes fases (en cada una de las cuales predominar\u00e1n ciertos aspectos especialmente):<\/p>\n<ul>\n<li style=\"text-align: justify;\">Fase de inmersi\u00f3n-observaci\u00f3n-planificaci\u00f3n: en una primera fase en el Centro de Pr\u00e1cticas, los alumnos\/as realizar\u00e1n actividades de progresiva inmersi\u00f3n\/observaci\u00f3n\/planificaci\u00f3n con relaci\u00f3n a la pr\u00e1ctica educativa. Conocer\u00e1n la vida del Centro en su conjunto guiados por su tutor\/a y entrando en contacto con la jefatura de estudios y el departamento de orientaci\u00f3n. Tambi\u00e9n participar\u00e1n en las actividades y reuniones del departamento de su especialidad y en las tareas de tutor\u00eda de su tutor de pr\u00e1cticas. Dentro del aula se dedicar\u00e1 un tiempo inicial a la inmersi\u00f3n y observaci\u00f3n. Se realizar\u00e1n seminarios en el centro docente de pr\u00e1cticas en los que podr\u00e1n participar adem\u00e1s del tutor\/a y los alumnos\/as otros profesores del centro (orientaci\u00f3n, jefatura estudios, jefe de departamento, etc.). En este periodo, en los seminarios con el tutor\/a se planificar\u00e1 la fase de intervenci\u00f3n.<\/li>\n<\/ul>\n<ul>\n<li style=\"text-align: justify;\">Fase de intervenci\u00f3n docente: en una segunda fase los alumnos\/as har\u00e1n sus intervenciones docentes, participando en procesos completos del ciclo educativo, desde la programaci\u00f3n a la evaluaci\u00f3n. Adem\u00e1s, en esta fase continuar\u00e1n con la observaci\u00f3n y la reflexi\u00f3n. Estas intervenciones se ir\u00e1n haciendo m\u00e1s aut\u00f3nomas progresivamente. Cada alumno\/a har\u00e1 al menos cinco intervenciones directas en el aula, desarrollando la planificaci\u00f3n hecha en la primera fase, con un mismo grupo del Centro de pr\u00e1cticas. En especialidades relacionadas con la Formaci\u00f3n Profesional los alumnos\/as tambi\u00e9n participar\u00e1n en el an\u00e1lisis de pr\u00e1cticas de empresa.<\/li>\n<\/ul>\n<ul>\n<li style=\"text-align: justify;\">Fase de reflexi\u00f3n\/evaluaci\u00f3n y elaboraci\u00f3n de informes En esta fase, durante la \u00faltima semana de pr\u00e1cticas y ya finalizadas las intervenciones docentes, los alumnos\/as revisar\u00e1n el proceso seguido, que habr\u00e1 quedado reflejado en su diario de pr\u00e1cticas y lo evaluar\u00e1n, haciendo propuestas de mejora. En esta fase tambi\u00e9n se concluir\u00e1n los informes correspondientes a la memoria de pr\u00e1cticas. Para el buen desarrollo de todas estas acciones formativas ser\u00e1 fundamental la colaboraci\u00f3n del equipo directivo del centro y, dentro de \u00e9ste, la del Coordinador\/a de pr\u00e1cticas del centro, facilitando la relaci\u00f3n entre los tutores\/as de pr\u00e1cticas y la universidad, la comunicaci\u00f3n entre los tutores\/as del mismo centro y el acceso del alumnado en pr\u00e1cticas al conocimiento de la organizaci\u00f3n y funcionamiento del centro, del Proyecto Educativo y los programas o actividades en los que participe el centro.<\/li>\n<\/ul>\n<\/div><\/div><\/div><style type=\"text\/css\">.fusion-body .fusion-builder-column-0{width:100% !important;margin-top : 0px;margin-bottom : 20px;}.fusion-builder-column-0 > .fusion-column-wrapper {padding-top : 0px !important;padding-right : 0px !important;margin-right : 1.92%;padding-bottom : 0px !important;padding-left : 0px !important;margin-left : 1.92%;}@media only screen and (max-width:1024px) {.fusion-body .fusion-builder-column-0{width:100% !important;order : 0;}.fusion-builder-column-0 > .fusion-column-wrapper {margin-right : 1.92%;margin-left : 1.92%;}}@media only screen and (max-width:640px) {.fusion-body .fusion-builder-column-0{width:100% !important;order : 0;}.fusion-builder-column-0 > .fusion-column-wrapper {margin-right : 1.92%;margin-left : 1.92%;}}<\/style><\/div><style type=\"text\/css\">.fusion-body .fusion-flex-container.fusion-builder-row-1{ padding-top : 0px;margin-top : 0px;padding-right : 0px;padding-bottom : 0px;margin-bottom : 0px;padding-left : 0px;}<\/style><\/div>\n<div class=\"pvc_clear\"><\/div>\n<p id=\"pvc_stats_720\" class=\"pvc_stats all  \" data-element-id=\"720\" style=\"\"><i class=\"pvc-stats-icon medium\" aria-hidden=\"true\"><svg aria-hidden=\"true\" focusable=\"false\" data-prefix=\"far\" data-icon=\"chart-bar\" role=\"img\" xmlns=\"http:\/\/www.w3.org\/2000\/svg\" viewBox=\"0 0 512 512\" class=\"svg-inline--fa fa-chart-bar fa-w-16 fa-2x\"><path fill=\"currentColor\" d=\"M396.8 352h22.4c6.4 0 12.8-6.4 12.8-12.8V108.8c0-6.4-6.4-12.8-12.8-12.8h-22.4c-6.4 0-12.8 6.4-12.8 12.8v230.4c0 6.4 6.4 12.8 12.8 12.8zm-192 0h22.4c6.4 0 12.8-6.4 12.8-12.8V140.8c0-6.4-6.4-12.8-12.8-12.8h-22.4c-6.4 0-12.8 6.4-12.8 12.8v198.4c0 6.4 6.4 12.8 12.8 12.8zm96 0h22.4c6.4 0 12.8-6.4 12.8-12.8V204.8c0-6.4-6.4-12.8-12.8-12.8h-22.4c-6.4 0-12.8 6.4-12.8 12.8v134.4c0 6.4 6.4 12.8 12.8 12.8zM496 400H48V80c0-8.84-7.16-16-16-16H16C7.16 64 0 71.16 0 80v336c0 17.67 14.33 32 32 32h464c8.84 0 16-7.16 16-16v-16c0-8.84-7.16-16-16-16zm-387.2-48h22.4c6.4 0 12.8-6.4 12.8-12.8v-70.4c0-6.4-6.4-12.8-12.8-12.8h-22.4c-6.4 0-12.8 6.4-12.8 12.8v70.4c0 6.4 6.4 12.8 12.8 12.8z\" class=\"\"><\/path><\/svg><\/i> <img decoding=\"async\" width=\"16\" height=\"16\" alt=\"Loading\" src=\"https:\/\/www.iesbeatrizdesuabia.es\/wp-content\/plugins\/page-views-count\/ajax-loader-2x.gif\" border=0 \/><\/p>\n<div class=\"pvc_clear\"><\/div>\n","protected":false},"excerpt":{"rendered":"<div class=\"pvc_clear\"><\/div>\n<p id=\"pvc_stats_720\" class=\"pvc_stats all  \" data-element-id=\"720\" style=\"\"><i class=\"pvc-stats-icon medium\" aria-hidden=\"true\"><svg aria-hidden=\"true\" focusable=\"false\" data-prefix=\"far\" data-icon=\"chart-bar\" role=\"img\" xmlns=\"http:\/\/www.w3.org\/2000\/svg\" viewBox=\"0 0 512 512\" class=\"svg-inline--fa fa-chart-bar fa-w-16 fa-2x\"><path fill=\"currentColor\" d=\"M396.8 352h22.4c6.4 0 12.8-6.4 12.8-12.8V108.8c0-6.4-6.4-12.8-12.8-12.8h-22.4c-6.4 0-12.8 6.4-12.8 12.8v230.4c0 6.4 6.4 12.8 12.8 12.8zm-192 0h22.4c6.4 0 12.8-6.4 12.8-12.8V140.8c0-6.4-6.4-12.8-12.8-12.8h-22.4c-6.4 0-12.8 6.4-12.8 12.8v198.4c0 6.4 6.4 12.8 12.8 12.8zm96 0h22.4c6.4 0 12.8-6.4 12.8-12.8V204.8c0-6.4-6.4-12.8-12.8-12.8h-22.4c-6.4 0-12.8 6.4-12.8 12.8v134.4c0 6.4 6.4 12.8 12.8 12.8zM496 400H48V80c0-8.84-7.16-16-16-16H16C7.16 64 0 71.16 0 80v336c0 17.67 14.33 32 32 32h464c8.84 0 16-7.16 16-16v-16c0-8.84-7.16-16-16-16zm-387.2-48h22.4c6.4 0 12.8-6.4 12.8-12.8v-70.4c0-6.4-6.4-12.8-12.8-12.8h-22.4c-6.4 0-12.8 6.4-12.8 12.8v70.4c0 6.4 6.4 12.8 12.8 12.8z\" class=\"\"><\/path><\/svg><\/i> <img decoding=\"async\" width=\"16\" height=\"16\" alt=\"Loading\" src=\"https:\/\/www.iesbeatrizdesuabia.es\/wp-content\/plugins\/page-views-count\/ajax-loader-2x.gif\" border=0 \/><\/p>\n<div class=\"pvc_clear\"><\/div>\n","protected":false},"author":1,"featured_media":0,"parent":0,"menu_order":0,"comment_status":"closed","ping_status":"closed","template":"","meta":{"footnotes":""},"class_list":["post-720","page","type-page","status-publish","hentry"],"_links":{"self":[{"href":"https:\/\/www.iesbeatrizdesuabia.es\/index.php?rest_route=\/wp\/v2\/pages\/720","targetHints":{"allow":["GET"]}}],"collection":[{"href":"https:\/\/www.iesbeatrizdesuabia.es\/index.php?rest_route=\/wp\/v2\/pages"}],"about":[{"href":"https:\/\/www.iesbeatrizdesuabia.es\/index.php?rest_route=\/wp\/v2\/types\/page"}],"author":[{"embeddable":true,"href":"https:\/\/www.iesbeatrizdesuabia.es\/index.php?rest_route=\/wp\/v2\/users\/1"}],"replies":[{"embeddable":true,"href":"https:\/\/www.iesbeatrizdesuabia.es\/index.php?rest_route=%2Fwp%2Fv2%2Fcomments&post=720"}],"version-history":[{"count":4,"href":"https:\/\/www.iesbeatrizdesuabia.es\/index.php?rest_route=\/wp\/v2\/pages\/720\/revisions"}],"predecessor-version":[{"id":3135,"href":"https:\/\/www.iesbeatrizdesuabia.es\/index.php?rest_route=\/wp\/v2\/pages\/720\/revisions\/3135"}],"wp:attachment":[{"href":"https:\/\/www.iesbeatrizdesuabia.es\/index.php?rest_route=%2Fwp%2Fv2%2Fmedia&parent=720"}],"curies":[{"name":"wp","href":"https:\/\/api.w.org\/{rel}","templated":true}]}}