{"id":2776,"date":"2025-02-13T11:34:36","date_gmt":"2025-02-13T11:34:36","guid":{"rendered":"https:\/\/www.iesbeatrizdesuabia.es\/?page_id=2776"},"modified":"2025-02-13T11:55:21","modified_gmt":"2025-02-13T11:55:21","slug":"expobelleza-2025","status":"publish","type":"page","link":"https:\/\/www.iesbeatrizdesuabia.es\/?page_id=2776","title":{"rendered":"Expobelleza 2025"},"content":{"rendered":"<div class=\"fusion-fullwidth fullwidth-box fusion-builder-row-1 fusion-flex-container nonhundred-percent-fullwidth non-hundred-percent-height-scrolling\" style=\"background-color: #ffffff;background-position: center center;background-repeat: no-repeat;border-width: 0px 0px 0px 0px;border-color:#eae9e9;border-style:solid;\" ><div class=\"fusion-builder-row fusion-row fusion-flex-align-items-flex-start\" style=\"max-width:1248px;margin-left: calc(-4% \/ 2 );margin-right: calc(-4% \/ 2 );\"><div class=\"fusion-layout-column fusion_builder_column fusion-builder-column-0 fusion_builder_column_1_1 1_1 fusion-flex-column\"><div class=\"fusion-column-wrapper fusion-flex-justify-content-flex-start fusion-content-layout-column\" style=\"background-position:left top;background-repeat:no-repeat;-webkit-background-size:cover;-moz-background-size:cover;-o-background-size:cover;background-size:cover;padding: 0px 0px 0px 0px;\"><style type=\"text\/css\">@media only screen and (max-width:1024px) {.fusion-title.fusion-title-1{margin-top:10px!important;margin-bottom:15px!important;}}@media only screen and (max-width:640px) {.fusion-title.fusion-title-1{margin-top:10px!important;margin-bottom:10px!important;}}<\/style><div class=\"fusion-title title fusion-title-1 sep-underline sep-solid fusion-title-text fusion-title-size-one\" style=\"border-bottom-color:#216355;margin-top:10px;margin-bottom:15px;\"><h1 class=\"title-heading-left\" style=\"font-family:&#039;Comic Sans MS&#039;, cursive;font-style:italic;font-weight:400;margin:0;color:#216355;\">Expobelleza 2025<\/h1><\/div><div class=\"fusion-text fusion-text-1\" style=\"text-align:center;transform:translate3d(0,0,0);\"><div style=\"text-align: center;\" data-olk-copy-source=\"MessageBody\">El 10 de febrero, nuestro Departamento de Imagen Personal asisti\u00f3 a la\u00a0XIII Edici\u00f3n de Expobelleza Andaluc\u00eda realizada en Fibes (Palacio de Exposiciones y Congresos de Sevilla)\u00a0un evento clave en el sector de la belleza, salud y bienestar. Este a\u00f1o, la feria se centr\u00f3 en explorar los nuevos c\u00e1nones de belleza, presentando las \u00faltimas tendencias de la mano de expertos.<\/div>\n<div style=\"text-align: center;\">Se trata de un\u00a0punto de encuentro y plataforma comercial donde las empresas y marcas dan a conocer sus productos, servicios, tendencias y novedades para establecer relaciones comerciales con los visitantes profesionales relacionados con el mundo de la Belleza, Salud y Bienestar; est\u00e9tica, peluquer\u00eda, u\u00f1as, maquillaje, aparatolog\u00eda, cosm\u00e9tica, nutrici\u00f3n y bienestar y formaci\u00f3n.<\/div>\n<div style=\"text-align: center;\">Esperamos seguir participando en futuras ediciones para continuar impulsando el crecimiento y desarrollo de nuestro centro.<\/div>\n<\/div><\/div><\/div><style type=\"text\/css\">.fusion-body .fusion-builder-column-0{width:100% !important;margin-top : 0px;margin-bottom : 20px;}.fusion-builder-column-0 > .fusion-column-wrapper {padding-top : 0px !important;padding-right : 0px !important;margin-right : 1.92%;padding-bottom : 0px !important;padding-left : 0px !important;margin-left : 1.92%;}@media only screen and (max-width:1024px) {.fusion-body .fusion-builder-column-0{width:100% !important;order : 0;}.fusion-builder-column-0 > .fusion-column-wrapper {margin-right : 1.92%;margin-left : 1.92%;}}@media only screen and (max-width:640px) {.fusion-body .fusion-builder-column-0{width:100% !important;order : 0;}.fusion-builder-column-0 > .fusion-column-wrapper {margin-right : 1.92%;margin-left : 1.92%;}}<\/style><div class=\"fusion-layout-column fusion_builder_column fusion-builder-column-1 fusion_builder_column_1_3 1_3 fusion-flex-column\"><div class=\"fusion-column-wrapper fusion-flex-justify-content-flex-start fusion-content-layout-column\" style=\"background-position:left top;background-repeat:no-repeat;-webkit-background-size:cover;-moz-background-size:cover;-o-background-size:cover;background-size:cover;padding: 0px 0px 0px 0px;\"><div ><span class=\" fusion-imageframe imageframe-none imageframe-1 hover-type-none\"><img decoding=\"async\" width=\"2040\" height=\"1530\" title=\"8dab14b6-570c-4632-b309-dec77ffaa1dc\" src=\"https:\/\/www.iesbeatrizdesuabia.es\/wp-content\/uploads\/2025\/02\/8dab14b6-570c-4632-b309-dec77ffaa1dc.jpg\" class=\"img-responsive wp-image-2780\" srcset=\"https:\/\/www.iesbeatrizdesuabia.es\/wp-content\/uploads\/2025\/02\/8dab14b6-570c-4632-b309-dec77ffaa1dc-200x150.jpg 200w, https:\/\/www.iesbeatrizdesuabia.es\/wp-content\/uploads\/2025\/02\/8dab14b6-570c-4632-b309-dec77ffaa1dc-400x300.jpg 400w, https:\/\/www.iesbeatrizdesuabia.es\/wp-content\/uploads\/2025\/02\/8dab14b6-570c-4632-b309-dec77ffaa1dc-600x450.jpg 600w, https:\/\/www.iesbeatrizdesuabia.es\/wp-content\/uploads\/2025\/02\/8dab14b6-570c-4632-b309-dec77ffaa1dc-800x600.jpg 800w, https:\/\/www.iesbeatrizdesuabia.es\/wp-content\/uploads\/2025\/02\/8dab14b6-570c-4632-b309-dec77ffaa1dc-1200x900.jpg 1200w, https:\/\/www.iesbeatrizdesuabia.es\/wp-content\/uploads\/2025\/02\/8dab14b6-570c-4632-b309-dec77ffaa1dc.jpg 2040w\" sizes=\"(max-width: 640px) 100vw, 400px\" \/><\/span><\/div><\/div><\/div><style type=\"text\/css\">.fusion-body .fusion-builder-column-1{width:33.333333333333% !important;margin-top : 0px;margin-bottom : 20px;}.fusion-builder-column-1 > .fusion-column-wrapper {padding-top : 0px !important;padding-right : 0px !important;margin-right : 5.76%;padding-bottom : 0px !important;padding-left : 0px !important;margin-left : 5.76%;}@media only screen and (max-width:1024px) {.fusion-body .fusion-builder-column-1{width:33.333333333333% !important;order : 0;}.fusion-builder-column-1 > .fusion-column-wrapper {margin-right : 5.76%;margin-left : 5.76%;}}@media only screen and (max-width:640px) {.fusion-body .fusion-builder-column-1{width:100% !important;order : 0;}.fusion-builder-column-1 > .fusion-column-wrapper {margin-right : 1.92%;margin-left : 1.92%;}}<\/style><div class=\"fusion-layout-column fusion_builder_column fusion-builder-column-2 fusion_builder_column_1_3 1_3 fusion-flex-column\"><div class=\"fusion-column-wrapper fusion-flex-justify-content-flex-start fusion-content-layout-column\" style=\"background-position:left top;background-repeat:no-repeat;-webkit-background-size:cover;-moz-background-size:cover;-o-background-size:cover;background-size:cover;padding: 0px 0px 0px 0px;\"><div ><span class=\" fusion-imageframe imageframe-none imageframe-2 hover-type-none\"><img decoding=\"async\" width=\"1600\" height=\"1200\" title=\"63541dc0-9abd-4236-ba3c-acbbfddfa52a\" src=\"https:\/\/www.iesbeatrizdesuabia.es\/wp-content\/uploads\/2025\/02\/63541dc0-9abd-4236-ba3c-acbbfddfa52a.jpg\" class=\"img-responsive wp-image-2781\" srcset=\"https:\/\/www.iesbeatrizdesuabia.es\/wp-content\/uploads\/2025\/02\/63541dc0-9abd-4236-ba3c-acbbfddfa52a-200x150.jpg 200w, https:\/\/www.iesbeatrizdesuabia.es\/wp-content\/uploads\/2025\/02\/63541dc0-9abd-4236-ba3c-acbbfddfa52a-400x300.jpg 400w, https:\/\/www.iesbeatrizdesuabia.es\/wp-content\/uploads\/2025\/02\/63541dc0-9abd-4236-ba3c-acbbfddfa52a-600x450.jpg 600w, https:\/\/www.iesbeatrizdesuabia.es\/wp-content\/uploads\/2025\/02\/63541dc0-9abd-4236-ba3c-acbbfddfa52a-800x600.jpg 800w, https:\/\/www.iesbeatrizdesuabia.es\/wp-content\/uploads\/2025\/02\/63541dc0-9abd-4236-ba3c-acbbfddfa52a-1200x900.jpg 1200w, https:\/\/www.iesbeatrizdesuabia.es\/wp-content\/uploads\/2025\/02\/63541dc0-9abd-4236-ba3c-acbbfddfa52a.jpg 1600w\" sizes=\"(max-width: 640px) 100vw, 400px\" \/><\/span><\/div><\/div><\/div><style type=\"text\/css\">.fusion-body .fusion-builder-column-2{width:33.333333333333% !important;margin-top : 0px;margin-bottom : 20px;}.fusion-builder-column-2 > .fusion-column-wrapper {padding-top : 0px !important;padding-right : 0px !important;margin-right : 5.76%;padding-bottom : 0px !important;padding-left : 0px !important;margin-left : 5.76%;}@media only screen and (max-width:1024px) {.fusion-body .fusion-builder-column-2{width:33.333333333333% !important;order : 0;}.fusion-builder-column-2 > .fusion-column-wrapper {margin-right : 5.76%;margin-left : 5.76%;}}@media only screen and (max-width:640px) {.fusion-body .fusion-builder-column-2{width:100% !important;order : 0;}.fusion-builder-column-2 > .fusion-column-wrapper {margin-right : 1.92%;margin-left : 1.92%;}}<\/style><div class=\"fusion-layout-column fusion_builder_column fusion-builder-column-3 fusion_builder_column_1_3 1_3 fusion-flex-column\"><div class=\"fusion-column-wrapper fusion-flex-justify-content-flex-start fusion-content-layout-column\" style=\"background-position:left top;background-repeat:no-repeat;-webkit-background-size:cover;-moz-background-size:cover;-o-background-size:cover;background-size:cover;padding: 0px 0px 0px 0px;\"><div ><span class=\" fusion-imageframe imageframe-none imageframe-3 hover-type-none\"><img decoding=\"async\" width=\"2048\" height=\"1536\" title=\"44200856-bb46-4052-96e2-939bc1de16f2\" src=\"https:\/\/www.iesbeatrizdesuabia.es\/wp-content\/uploads\/2025\/02\/44200856-bb46-4052-96e2-939bc1de16f2.jpg\" class=\"img-responsive wp-image-2782\" srcset=\"https:\/\/www.iesbeatrizdesuabia.es\/wp-content\/uploads\/2025\/02\/44200856-bb46-4052-96e2-939bc1de16f2-200x150.jpg 200w, https:\/\/www.iesbeatrizdesuabia.es\/wp-content\/uploads\/2025\/02\/44200856-bb46-4052-96e2-939bc1de16f2-400x300.jpg 400w, https:\/\/www.iesbeatrizdesuabia.es\/wp-content\/uploads\/2025\/02\/44200856-bb46-4052-96e2-939bc1de16f2-600x450.jpg 600w, https:\/\/www.iesbeatrizdesuabia.es\/wp-content\/uploads\/2025\/02\/44200856-bb46-4052-96e2-939bc1de16f2-800x600.jpg 800w, https:\/\/www.iesbeatrizdesuabia.es\/wp-content\/uploads\/2025\/02\/44200856-bb46-4052-96e2-939bc1de16f2-1200x900.jpg 1200w, https:\/\/www.iesbeatrizdesuabia.es\/wp-content\/uploads\/2025\/02\/44200856-bb46-4052-96e2-939bc1de16f2.jpg 2048w\" sizes=\"(max-width: 640px) 100vw, 400px\" \/><\/span><\/div><\/div><\/div><style type=\"text\/css\">.fusion-body .fusion-builder-column-3{width:33.333333333333% !important;margin-top : 0px;margin-bottom : 20px;}.fusion-builder-column-3 > .fusion-column-wrapper {padding-top : 0px !important;padding-right : 0px !important;margin-right : 5.76%;padding-bottom : 0px !important;padding-left : 0px !important;margin-left : 5.76%;}@media only screen and (max-width:1024px) {.fusion-body .fusion-builder-column-3{width:33.333333333333% !important;order : 0;}.fusion-builder-column-3 > .fusion-column-wrapper {margin-right : 5.76%;margin-left : 5.76%;}}@media only screen and (max-width:640px) {.fusion-body .fusion-builder-column-3{width:100% !important;order : 0;}.fusion-builder-column-3 > .fusion-column-wrapper {margin-right : 1.92%;margin-left : 1.92%;}}<\/style><\/div><style type=\"text\/css\">.fusion-body .fusion-flex-container.fusion-builder-row-1{ padding-top : 0px;margin-top : 0px;padding-right : 0px;padding-bottom : 0px;margin-bottom : 0px;padding-left : 0px;}<\/style><\/div>\n<div class=\"pvc_clear\"><\/div>\n<p id=\"pvc_stats_2776\" class=\"pvc_stats all  \" data-element-id=\"2776\" style=\"\"><i class=\"pvc-stats-icon medium\" aria-hidden=\"true\"><svg aria-hidden=\"true\" focusable=\"false\" data-prefix=\"far\" data-icon=\"chart-bar\" role=\"img\" xmlns=\"http:\/\/www.w3.org\/2000\/svg\" viewBox=\"0 0 512 512\" class=\"svg-inline--fa fa-chart-bar fa-w-16 fa-2x\"><path fill=\"currentColor\" d=\"M396.8 352h22.4c6.4 0 12.8-6.4 12.8-12.8V108.8c0-6.4-6.4-12.8-12.8-12.8h-22.4c-6.4 0-12.8 6.4-12.8 12.8v230.4c0 6.4 6.4 12.8 12.8 12.8zm-192 0h22.4c6.4 0 12.8-6.4 12.8-12.8V140.8c0-6.4-6.4-12.8-12.8-12.8h-22.4c-6.4 0-12.8 6.4-12.8 12.8v198.4c0 6.4 6.4 12.8 12.8 12.8zm96 0h22.4c6.4 0 12.8-6.4 12.8-12.8V204.8c0-6.4-6.4-12.8-12.8-12.8h-22.4c-6.4 0-12.8 6.4-12.8 12.8v134.4c0 6.4 6.4 12.8 12.8 12.8zM496 400H48V80c0-8.84-7.16-16-16-16H16C7.16 64 0 71.16 0 80v336c0 17.67 14.33 32 32 32h464c8.84 0 16-7.16 16-16v-16c0-8.84-7.16-16-16-16zm-387.2-48h22.4c6.4 0 12.8-6.4 12.8-12.8v-70.4c0-6.4-6.4-12.8-12.8-12.8h-22.4c-6.4 0-12.8 6.4-12.8 12.8v70.4c0 6.4 6.4 12.8 12.8 12.8z\" class=\"\"><\/path><\/svg><\/i> <img decoding=\"async\" width=\"16\" height=\"16\" alt=\"Loading\" src=\"https:\/\/www.iesbeatrizdesuabia.es\/wp-content\/plugins\/page-views-count\/ajax-loader-2x.gif\" border=0 \/><\/p>\n<div class=\"pvc_clear\"><\/div>\n","protected":false},"excerpt":{"rendered":"<div class=\"pvc_clear\"><\/div>\n<p id=\"pvc_stats_2776\" class=\"pvc_stats all  \" data-element-id=\"2776\" style=\"\"><i class=\"pvc-stats-icon medium\" aria-hidden=\"true\"><svg aria-hidden=\"true\" focusable=\"false\" data-prefix=\"far\" data-icon=\"chart-bar\" role=\"img\" xmlns=\"http:\/\/www.w3.org\/2000\/svg\" viewBox=\"0 0 512 512\" class=\"svg-inline--fa fa-chart-bar fa-w-16 fa-2x\"><path fill=\"currentColor\" d=\"M396.8 352h22.4c6.4 0 12.8-6.4 12.8-12.8V108.8c0-6.4-6.4-12.8-12.8-12.8h-22.4c-6.4 0-12.8 6.4-12.8 12.8v230.4c0 6.4 6.4 12.8 12.8 12.8zm-192 0h22.4c6.4 0 12.8-6.4 12.8-12.8V140.8c0-6.4-6.4-12.8-12.8-12.8h-22.4c-6.4 0-12.8 6.4-12.8 12.8v198.4c0 6.4 6.4 12.8 12.8 12.8zm96 0h22.4c6.4 0 12.8-6.4 12.8-12.8V204.8c0-6.4-6.4-12.8-12.8-12.8h-22.4c-6.4 0-12.8 6.4-12.8 12.8v134.4c0 6.4 6.4 12.8 12.8 12.8zM496 400H48V80c0-8.84-7.16-16-16-16H16C7.16 64 0 71.16 0 80v336c0 17.67 14.33 32 32 32h464c8.84 0 16-7.16 16-16v-16c0-8.84-7.16-16-16-16zm-387.2-48h22.4c6.4 0 12.8-6.4 12.8-12.8v-70.4c0-6.4-6.4-12.8-12.8-12.8h-22.4c-6.4 0-12.8 6.4-12.8 12.8v70.4c0 6.4 6.4 12.8 12.8 12.8z\" class=\"\"><\/path><\/svg><\/i> <img decoding=\"async\" width=\"16\" height=\"16\" alt=\"Loading\" src=\"https:\/\/www.iesbeatrizdesuabia.es\/wp-content\/plugins\/page-views-count\/ajax-loader-2x.gif\" border=0 \/><\/p>\n<div class=\"pvc_clear\"><\/div>\n","protected":false},"author":1,"featured_media":0,"parent":0,"menu_order":0,"comment_status":"closed","ping_status":"closed","template":"","meta":{"footnotes":""},"class_list":["post-2776","page","type-page","status-publish","hentry"],"_links":{"self":[{"href":"https:\/\/www.iesbeatrizdesuabia.es\/index.php?rest_route=\/wp\/v2\/pages\/2776","targetHints":{"allow":["GET"]}}],"collection":[{"href":"https:\/\/www.iesbeatrizdesuabia.es\/index.php?rest_route=\/wp\/v2\/pages"}],"about":[{"href":"https:\/\/www.iesbeatrizdesuabia.es\/index.php?rest_route=\/wp\/v2\/types\/page"}],"author":[{"embeddable":true,"href":"https:\/\/www.iesbeatrizdesuabia.es\/index.php?rest_route=\/wp\/v2\/users\/1"}],"replies":[{"embeddable":true,"href":"https:\/\/www.iesbeatrizdesuabia.es\/index.php?rest_route=%2Fwp%2Fv2%2Fcomments&post=2776"}],"version-history":[{"count":7,"href":"https:\/\/www.iesbeatrizdesuabia.es\/index.php?rest_route=\/wp\/v2\/pages\/2776\/revisions"}],"predecessor-version":[{"id":2798,"href":"https:\/\/www.iesbeatrizdesuabia.es\/index.php?rest_route=\/wp\/v2\/pages\/2776\/revisions\/2798"}],"wp:attachment":[{"href":"https:\/\/www.iesbeatrizdesuabia.es\/index.php?rest_route=%2Fwp%2Fv2%2Fmedia&parent=2776"}],"curies":[{"name":"wp","href":"https:\/\/api.w.org\/{rel}","templated":true}]}}