{"id":198,"date":"2023-03-09T08:10:50","date_gmt":"2023-03-09T08:10:50","guid":{"rendered":"https:\/\/www.iesbeatrizdesuabia.es\/?page_id=198"},"modified":"2026-03-18T09:01:37","modified_gmt":"2026-03-18T09:01:37","slug":"ingles-2","status":"publish","type":"page","link":"https:\/\/www.iesbeatrizdesuabia.es\/?page_id=198","title":{"rendered":"INGL\u00c9S"},"content":{"rendered":"<p><div class=\"fusion-fullwidth fullwidth-box fusion-builder-row-1 fusion-flex-container nonhundred-percent-fullwidth non-hundred-percent-height-scrolling\" style=\"background-color: #ffffff;background-position: center center;background-repeat: no-repeat;border-width: 0px 0px 0px 0px;border-color:#eae9e9;border-style:solid;\" ><div class=\"fusion-builder-row fusion-row fusion-flex-align-items-flex-start\" style=\"max-width:1248px;margin-left: calc(-4% \/ 2 );margin-right: calc(-4% \/ 2 );\"><div class=\"fusion-layout-column fusion_builder_column fusion-builder-column-0 fusion_builder_column_1_1 1_1 fusion-flex-column\"><div class=\"fusion-column-wrapper fusion-flex-justify-content-flex-start fusion-content-layout-column\" style=\"background-position:left top;background-repeat:no-repeat;-webkit-background-size:cover;-moz-background-size:cover;-o-background-size:cover;background-size:cover;padding: 0px 0px 0px 0px;\"><style type=\"text\/css\">@media only screen and (max-width:1024px) {.fusion-title.fusion-title-1{margin-top:10px!important;margin-bottom:15px!important;}}@media only screen and (max-width:640px) {.fusion-title.fusion-title-1{margin-top:10px!important;margin-bottom:10px!important;}}<\/style><div class=\"fusion-title title fusion-title-1 sep-underline sep-solid fusion-title-center fusion-title-text fusion-title-size-one\" style=\"border-bottom-color:#03a9f4;margin-top:10px;margin-bottom:15px;\"><h1 class=\"title-heading-center\" style=\"margin:0;color:#000000;\">INGL\u00c9S<\/h1><\/div><\/div><\/div><style type=\"text\/css\">.fusion-body .fusion-builder-column-0{width:100% !important;margin-top : 0px;margin-bottom : 20px;}.fusion-builder-column-0 > .fusion-column-wrapper {padding-top : 0px !important;padding-right : 0px !important;margin-right : 1.92%;padding-bottom : 0px !important;padding-left : 0px !important;margin-left : 1.92%;}@media only screen and (max-width:1024px) {.fusion-body .fusion-builder-column-0{width:100% !important;order : 0;}.fusion-builder-column-0 > .fusion-column-wrapper {margin-right : 1.92%;margin-left : 1.92%;}}@media only screen and (max-width:640px) {.fusion-body .fusion-builder-column-0{width:100% !important;order : 0;}.fusion-builder-column-0 > .fusion-column-wrapper {margin-right : 1.92%;margin-left : 1.92%;}}<\/style><\/div><style type=\"text\/css\">.fusion-body .fusion-flex-container.fusion-builder-row-1{ padding-top : 0px;margin-top : 0px;padding-right : 0px;padding-bottom : 0px;margin-bottom : 0px;padding-left : 0px;}<\/style><\/div><div class=\"fusion-fullwidth fullwidth-box fusion-builder-row-2 fusion-flex-container nonhundred-percent-fullwidth non-hundred-percent-height-scrolling\" style=\"background-color: #ffffff;background-position: center center;background-repeat: no-repeat;border-width: 0px 0px 0px 0px;border-color:#eae9e9;border-style:solid;\" ><div class=\"fusion-builder-row fusion-row fusion-flex-align-items-flex-start\" style=\"max-width:1248px;margin-left: calc(-4% \/ 2 );margin-right: calc(-4% \/ 2 );\"><div class=\"fusion-layout-column fusion_builder_column fusion-builder-column-1 fusion_builder_column_1_1 1_1 fusion-flex-column\"><div class=\"fusion-column-wrapper fusion-flex-justify-content-flex-start fusion-content-layout-column\" style=\"background-position:left top;background-repeat:no-repeat;-webkit-background-size:cover;-moz-background-size:cover;-o-background-size:cover;background-size:cover;padding: 0px 0px 0px 0px;\"><ul class=\"fusion-checklist fusion-checklist-1\" style=\"font-size:16px;line-height:27.2px;\"><li class=\"fusion-li-item\"><span style=\"background-color:#65bc7b;font-size:14.08px;height:27.2px;width:27.2px;margin-right:11.2px;\" class=\"icon-wrapper circle-yes\"><i class=\"fusion-li-icon fa-angle-double-down fas\" style=\"color:#ffffff;\" aria-hidden=\"true\"><\/i><\/span><div class=\"fusion-li-item-content\" style=\"margin-left:38.4px;\">\n<p><a href=\"https:\/\/www.iesbeatrizdesuabia.es\/wp-content\/uploads\/2025\/12\/PROGRAMACION-CICLOS_INGLES-2.pdf\"><strong>PROGRAMACI\u00d3N CICLOS INGL\u00c9S<\/strong><\/a><\/p>\n<\/div><\/li><\/ul><ul class=\"fusion-checklist fusion-checklist-2\" style=\"font-size:16px;line-height:27.2px;\"><li class=\"fusion-li-item\"><span style=\"background-color:#65bc7b;font-size:14.08px;height:27.2px;width:27.2px;margin-right:11.2px;\" class=\"icon-wrapper circle-yes\"><i class=\"fusion-li-icon fa-angle-double-down fas\" style=\"color:#ffffff;\" aria-hidden=\"true\"><\/i><\/span><div class=\"fusion-li-item-content\" style=\"margin-left:38.4px;\">\n<p><a href=\"https:\/\/www.iesbeatrizdesuabia.es\/wp-content\/uploads\/2025\/11\/Propuesta_pedagogica___Programaciones_didacticas.pdf\">Programaci\u00f3n did\u00e1ctica de ingl\u00e9s<span style=\"color: #000000;\"> 1\u00baESO<\/span><\/a><\/p>\n<\/div><\/li><li class=\"fusion-li-item\"><span style=\"background-color:#65bc7b;font-size:14.08px;height:27.2px;width:27.2px;margin-right:11.2px;\" class=\"icon-wrapper circle-yes\"><i class=\"fusion-li-icon fa-angle-double-down fas\" style=\"color:#ffffff;\" aria-hidden=\"true\"><\/i><\/span><div class=\"fusion-li-item-content\" style=\"margin-left:38.4px;\">\n<p><a href=\"https:\/\/www.iesbeatrizdesuabia.es\/wp-content\/uploads\/2025\/11\/Propuesta_pedagogica___Programaciones_didacticas-1.pdf\">Programaci\u00f3n did\u00e1ctica de ingl\u00e9s<span style=\"color: #000000;\"> 2\u00baESO<\/span><\/a><\/p>\n<\/div><\/li><li class=\"fusion-li-item\"><span style=\"background-color:#65bc7b;font-size:14.08px;height:27.2px;width:27.2px;margin-right:11.2px;\" class=\"icon-wrapper circle-yes\"><i class=\"fusion-li-icon fa-angle-double-down fas\" style=\"color:#ffffff;\" aria-hidden=\"true\"><\/i><\/span><div class=\"fusion-li-item-content\" style=\"margin-left:38.4px;\">\n<p><a href=\"https:\/\/www.iesbeatrizdesuabia.es\/wp-content\/uploads\/2025\/11\/Propuesta_pedagogica___Programaciones_didacticas-2.pdf\">Programaci\u00f3n did\u00e1ctica de ingl\u00e9s<span style=\"color: #000000;\"> 3\u00baESO<\/span><\/a><\/p>\n<\/div><\/li><li class=\"fusion-li-item\"><span style=\"background-color:#65bc7b;font-size:14.08px;height:27.2px;width:27.2px;margin-right:11.2px;\" class=\"icon-wrapper circle-yes\"><i class=\"fusion-li-icon fa-angle-double-down fas\" style=\"color:#ffffff;\" aria-hidden=\"true\"><\/i><\/span><div class=\"fusion-li-item-content\" style=\"margin-left:38.4px;\">\n<p><a href=\"https:\/\/www.iesbeatrizdesuabia.es\/wp-content\/uploads\/2025\/11\/Propuesta_pedagogica___Programaciones_didacticas-3.pdf\">Programaci\u00f3n did\u00e1ctica de ingl\u00e9s<span style=\"color: #000000;\"> 4\u00baESO<\/span><\/a><\/p>\n<\/div><\/li><li class=\"fusion-li-item\"><span style=\"background-color:#65bc7b;font-size:14.08px;height:27.2px;width:27.2px;margin-right:11.2px;\" class=\"icon-wrapper circle-yes\"><i class=\"fusion-li-icon fa-angle-double-down fas\" style=\"color:#ffffff;\" aria-hidden=\"true\"><\/i><\/span><div class=\"fusion-li-item-content\" style=\"margin-left:38.4px;\">\n<p><a href=\"https:\/\/www.iesbeatrizdesuabia.es\/wp-content\/uploads\/2026\/03\/INGLES-AMBITO-SOCIOLINGUISTICO-3oESO-y-4oESO.pdf\">Ingles \u00c1mbito Socioling\u00fc\u00edstico 3\u00ba y 4\u00ba de la ESO<\/a><\/p>\n<\/div><\/li><li class=\"fusion-li-item\"><span style=\"background-color:#65bc7b;font-size:14.08px;height:27.2px;width:27.2px;margin-right:11.2px;\" class=\"icon-wrapper circle-yes\"><i class=\"fusion-li-icon fa-angle-double-down fas\" style=\"color:#ffffff;\" aria-hidden=\"true\"><\/i><\/span><div class=\"fusion-li-item-content\" style=\"margin-left:38.4px;\">\n<p><a href=\"https:\/\/www.iesbeatrizdesuabia.es\/wp-content\/uploads\/2025\/11\/Propuesta_pedagogica___Programaciones_didacticas-4.pdf\">Programaci\u00f3n did\u00e1ctica de ingl\u00e9s<span style=\"color: #000000;\"> 1\u00ba de Bachillerato (Ciencias y Tecnolog\u00edas)<\/span><\/a><\/p>\n<\/div><\/li><li class=\"fusion-li-item\"><span style=\"background-color:#65bc7b;font-size:14.08px;height:27.2px;width:27.2px;margin-right:11.2px;\" class=\"icon-wrapper circle-yes\"><i class=\"fusion-li-icon fa-angle-double-down fas\" style=\"color:#ffffff;\" aria-hidden=\"true\"><\/i><\/span><div class=\"fusion-li-item-content\" style=\"margin-left:38.4px;\">\n<p><a href=\"https:\/\/www.iesbeatrizdesuabia.es\/wp-content\/uploads\/2025\/11\/Propuesta_pedagogica___Programaciones_didacticas-5.pdf\">Programaci\u00f3n did\u00e1ctica de ingl\u00e9s<span style=\"color: #000000;\"> 1\u00ba de Bachillerato (Humanidades y Ciencias Sociales)<\/span><\/a><\/p>\n<\/div><\/li><li class=\"fusion-li-item\"><span style=\"background-color:#65bc7b;font-size:14.08px;height:27.2px;width:27.2px;margin-right:11.2px;\" class=\"icon-wrapper circle-yes\"><i class=\"fusion-li-icon fa-angle-double-down fas\" style=\"color:#ffffff;\" aria-hidden=\"true\"><\/i><\/span><div class=\"fusion-li-item-content\" style=\"margin-left:38.4px;\">\n<p><a href=\"https:\/\/www.iesbeatrizdesuabia.es\/wp-content\/uploads\/2025\/11\/Propuesta_pedagogica___Programaciones_didacticas-6.pdf\">Programaci\u00f3n did\u00e1ctica de ingl\u00e9s<span style=\"color: #000000;\"> 2\u00ba de Bachillerato (Ciencias y Tecnolog\u00edas)<\/span><\/a><\/p>\n<\/div><\/li><li class=\"fusion-li-item\"><span style=\"background-color:#65bc7b;font-size:14.08px;height:27.2px;width:27.2px;margin-right:11.2px;\" class=\"icon-wrapper circle-yes\"><i class=\"fusion-li-icon fa-angle-double-down fas\" style=\"color:#ffffff;\" aria-hidden=\"true\"><\/i><\/span><div class=\"fusion-li-item-content\" style=\"margin-left:38.4px;\">\n<p><a href=\"https:\/\/www.iesbeatrizdesuabia.es\/wp-content\/uploads\/2025\/11\/Propuesta_pedagogica___Programaciones_didacticas-7.pdf\">Programaci\u00f3n did\u00e1ctica de ingl\u00e9s<span style=\"color: #000000;\"> 2\u00ba de Bachillerato (Humanidades y Ciencias Sociales)<\/span><\/a><\/p>\n<\/div><\/li><\/ul><\/div><\/div><style type=\"text\/css\">.fusion-body .fusion-builder-column-1{width:100% !important;margin-top : 0px;margin-bottom : 20px;}.fusion-builder-column-1 > .fusion-column-wrapper {padding-top : 0px !important;padding-right : 0px !important;margin-right : 1.92%;padding-bottom : 0px !important;padding-left : 0px !important;margin-left : 1.92%;}@media only screen and (max-width:1024px) {.fusion-body .fusion-builder-column-1{width:100% !important;order : 0;}.fusion-builder-column-1 > .fusion-column-wrapper {margin-right : 1.92%;margin-left : 1.92%;}}@media only screen and (max-width:640px) {.fusion-body .fusion-builder-column-1{width:100% !important;order : 0;}.fusion-builder-column-1 > .fusion-column-wrapper {margin-right : 1.92%;margin-left : 1.92%;}}<\/style><\/div><style type=\"text\/css\">.fusion-body .fusion-flex-container.fusion-builder-row-2{ padding-top : 0px;margin-top : 0px;padding-right : 0px;padding-bottom : 0px;margin-bottom : 0px;padding-left : 0px;}<\/style><\/div><\/p>\n<div class=\"pvc_clear\"><\/div>\n<p id=\"pvc_stats_198\" class=\"pvc_stats all  \" data-element-id=\"198\" style=\"\"><i class=\"pvc-stats-icon medium\" aria-hidden=\"true\"><svg aria-hidden=\"true\" focusable=\"false\" data-prefix=\"far\" data-icon=\"chart-bar\" role=\"img\" xmlns=\"http:\/\/www.w3.org\/2000\/svg\" viewBox=\"0 0 512 512\" class=\"svg-inline--fa fa-chart-bar fa-w-16 fa-2x\"><path fill=\"currentColor\" d=\"M396.8 352h22.4c6.4 0 12.8-6.4 12.8-12.8V108.8c0-6.4-6.4-12.8-12.8-12.8h-22.4c-6.4 0-12.8 6.4-12.8 12.8v230.4c0 6.4 6.4 12.8 12.8 12.8zm-192 0h22.4c6.4 0 12.8-6.4 12.8-12.8V140.8c0-6.4-6.4-12.8-12.8-12.8h-22.4c-6.4 0-12.8 6.4-12.8 12.8v198.4c0 6.4 6.4 12.8 12.8 12.8zm96 0h22.4c6.4 0 12.8-6.4 12.8-12.8V204.8c0-6.4-6.4-12.8-12.8-12.8h-22.4c-6.4 0-12.8 6.4-12.8 12.8v134.4c0 6.4 6.4 12.8 12.8 12.8zM496 400H48V80c0-8.84-7.16-16-16-16H16C7.16 64 0 71.16 0 80v336c0 17.67 14.33 32 32 32h464c8.84 0 16-7.16 16-16v-16c0-8.84-7.16-16-16-16zm-387.2-48h22.4c6.4 0 12.8-6.4 12.8-12.8v-70.4c0-6.4-6.4-12.8-12.8-12.8h-22.4c-6.4 0-12.8 6.4-12.8 12.8v70.4c0 6.4 6.4 12.8 12.8 12.8z\" class=\"\"><\/path><\/svg><\/i> <img decoding=\"async\" width=\"16\" height=\"16\" alt=\"Loading\" src=\"https:\/\/www.iesbeatrizdesuabia.es\/wp-content\/plugins\/page-views-count\/ajax-loader-2x.gif\" border=0 \/><\/p>\n<div class=\"pvc_clear\"><\/div>\n","protected":false},"excerpt":{"rendered":"<div class=\"pvc_clear\"><\/div>\n<p id=\"pvc_stats_198\" class=\"pvc_stats all  \" data-element-id=\"198\" style=\"\"><i class=\"pvc-stats-icon medium\" aria-hidden=\"true\"><svg aria-hidden=\"true\" focusable=\"false\" data-prefix=\"far\" data-icon=\"chart-bar\" role=\"img\" xmlns=\"http:\/\/www.w3.org\/2000\/svg\" viewBox=\"0 0 512 512\" class=\"svg-inline--fa fa-chart-bar fa-w-16 fa-2x\"><path fill=\"currentColor\" d=\"M396.8 352h22.4c6.4 0 12.8-6.4 12.8-12.8V108.8c0-6.4-6.4-12.8-12.8-12.8h-22.4c-6.4 0-12.8 6.4-12.8 12.8v230.4c0 6.4 6.4 12.8 12.8 12.8zm-192 0h22.4c6.4 0 12.8-6.4 12.8-12.8V140.8c0-6.4-6.4-12.8-12.8-12.8h-22.4c-6.4 0-12.8 6.4-12.8 12.8v198.4c0 6.4 6.4 12.8 12.8 12.8zm96 0h22.4c6.4 0 12.8-6.4 12.8-12.8V204.8c0-6.4-6.4-12.8-12.8-12.8h-22.4c-6.4 0-12.8 6.4-12.8 12.8v134.4c0 6.4 6.4 12.8 12.8 12.8zM496 400H48V80c0-8.84-7.16-16-16-16H16C7.16 64 0 71.16 0 80v336c0 17.67 14.33 32 32 32h464c8.84 0 16-7.16 16-16v-16c0-8.84-7.16-16-16-16zm-387.2-48h22.4c6.4 0 12.8-6.4 12.8-12.8v-70.4c0-6.4-6.4-12.8-12.8-12.8h-22.4c-6.4 0-12.8 6.4-12.8 12.8v70.4c0 6.4 6.4 12.8 12.8 12.8z\" class=\"\"><\/path><\/svg><\/i> <img decoding=\"async\" width=\"16\" height=\"16\" alt=\"Loading\" src=\"https:\/\/www.iesbeatrizdesuabia.es\/wp-content\/plugins\/page-views-count\/ajax-loader-2x.gif\" border=0 \/><\/p>\n<div class=\"pvc_clear\"><\/div>\n","protected":false},"author":1,"featured_media":0,"parent":0,"menu_order":0,"comment_status":"closed","ping_status":"closed","template":"","meta":{"footnotes":""},"class_list":["post-198","page","type-page","status-publish","hentry"],"_links":{"self":[{"href":"https:\/\/www.iesbeatrizdesuabia.es\/index.php?rest_route=\/wp\/v2\/pages\/198","targetHints":{"allow":["GET"]}}],"collection":[{"href":"https:\/\/www.iesbeatrizdesuabia.es\/index.php?rest_route=\/wp\/v2\/pages"}],"about":[{"href":"https:\/\/www.iesbeatrizdesuabia.es\/index.php?rest_route=\/wp\/v2\/types\/page"}],"author":[{"embeddable":true,"href":"https:\/\/www.iesbeatrizdesuabia.es\/index.php?rest_route=\/wp\/v2\/users\/1"}],"replies":[{"embeddable":true,"href":"https:\/\/www.iesbeatrizdesuabia.es\/index.php?rest_route=%2Fwp%2Fv2%2Fcomments&post=198"}],"version-history":[{"count":16,"href":"https:\/\/www.iesbeatrizdesuabia.es\/index.php?rest_route=\/wp\/v2\/pages\/198\/revisions"}],"predecessor-version":[{"id":1398,"href":"https:\/\/www.iesbeatrizdesuabia.es\/index.php?rest_route=\/wp\/v2\/pages\/198\/revisions\/1398"}],"wp:attachment":[{"href":"https:\/\/www.iesbeatrizdesuabia.es\/index.php?rest_route=%2Fwp%2Fv2%2Fmedia&parent=198"}],"curies":[{"name":"wp","href":"https:\/\/api.w.org\/{rel}","templated":true}]}}