{"id":1048,"date":"2023-05-24T08:54:59","date_gmt":"2023-05-24T08:54:59","guid":{"rendered":"https:\/\/www.iesbeatrizdesuabia.es\/?page_id=1048"},"modified":"2025-01-15T08:02:10","modified_gmt":"2025-01-15T08:02:10","slug":"ano-nuevo-chino","status":"publish","type":"page","link":"https:\/\/www.iesbeatrizdesuabia.es\/?page_id=1048","title":{"rendered":"A\u00f1o Nuevo Chino"},"content":{"rendered":"<div class=\"fusion-fullwidth fullwidth-box fusion-builder-row-1 fusion-flex-container nonhundred-percent-fullwidth non-hundred-percent-height-scrolling\" style=\"background-color: #ffffff;background-position: center center;background-repeat: no-repeat;border-width: 0px 0px 0px 0px;border-color:#eae9e9;border-style:solid;\" ><div class=\"fusion-builder-row fusion-row fusion-flex-align-items-flex-start\" style=\"max-width:1248px;margin-left: calc(-4% \/ 2 );margin-right: calc(-4% \/ 2 );\"><div class=\"fusion-layout-column fusion_builder_column fusion-builder-column-0 fusion_builder_column_1_1 1_1 fusion-flex-column\"><div class=\"fusion-column-wrapper fusion-flex-justify-content-flex-start fusion-content-layout-column\" style=\"background-position:left top;background-repeat:no-repeat;-webkit-background-size:cover;-moz-background-size:cover;-o-background-size:cover;background-size:cover;padding: 0px 0px 0px 0px;\"><style type=\"text\/css\">@media only screen and (max-width:1024px) {.fusion-title.fusion-title-1{margin-top:10px!important;margin-bottom:15px!important;}}@media only screen and (max-width:640px) {.fusion-title.fusion-title-1{margin-top:10px!important;margin-bottom:10px!important;}}<\/style><div class=\"fusion-title title fusion-title-1 sep-underline sep-solid fusion-title-text fusion-title-size-one\" style=\"border-bottom-color:#216355;margin-top:10px;margin-bottom:15px;\"><h1 class=\"title-heading-left\" style=\"font-family:&#039;Comic Sans MS&#039;, cursive;font-style:italic;font-weight:400;margin:0;color:#216355;\">Celebraci\u00f3n A\u00f1o Nuevo Chino<\/h1><\/div><div class=\"fusion-text fusion-text-1\" style=\"text-align:center;transform:translate3d(0,0,0);\"><p style=\"text-align: center;\">Con motivo del A\u00f1o Nuevo chino, hemos celebrado un acto de reconocimiento y entrega de diplomas al alumnado de nuestro IES que ha superado los ex\u00e1menes oficiales de chino HSK, niveles A1, A2 y B1, participando adem\u00e1s en el desfile realizado junto al alumnado del CEIP Ortiz de Z\u00fa\u00f1iga. Enhorabuena al alumnado y a las profesoras.<\/p>\n<\/div><style type=\"text\/css\">.fusion-gallery-1 .fusion-gallery-image {border:0px solid #e2e2e2;}<\/style><div class=\"fusion-gallery fusion-gallery-container fusion-grid-3 fusion-columns-total-8 fusion-gallery-layout-grid fusion-gallery-1\" style=\"margin:-5px;\"><div style=\"padding:5px;\" class=\"fusion-grid-column fusion-gallery-column fusion-gallery-column-3 hover-type-none\"><div class=\"fusion-gallery-image\"><a href=\"https:\/\/www.iesbeatrizdesuabia.es\/wp-content\/uploads\/2023\/05\/1-4.jpg\" rel=\"noreferrer\" data-rel=\"iLightbox[gallery_image_1]\" class=\"fusion-lightbox\" target=\"_self\"><img decoding=\"async\" src=\"https:\/\/www.iesbeatrizdesuabia.es\/wp-content\/uploads\/2023\/05\/1-4.jpg\" width=\"1600\" height=\"1200\" alt=\"\" title=\"1\" aria-label=\"1\" class=\"img-responsive wp-image-1050\" srcset=\"https:\/\/www.iesbeatrizdesuabia.es\/wp-content\/uploads\/2023\/05\/1-4-200x150.jpg 200w, https:\/\/www.iesbeatrizdesuabia.es\/wp-content\/uploads\/2023\/05\/1-4-400x300.jpg 400w, https:\/\/www.iesbeatrizdesuabia.es\/wp-content\/uploads\/2023\/05\/1-4-600x450.jpg 600w, https:\/\/www.iesbeatrizdesuabia.es\/wp-content\/uploads\/2023\/05\/1-4-800x600.jpg 800w, https:\/\/www.iesbeatrizdesuabia.es\/wp-content\/uploads\/2023\/05\/1-4-1200x900.jpg 1200w, https:\/\/www.iesbeatrizdesuabia.es\/wp-content\/uploads\/2023\/05\/1-4.jpg 1600w\" sizes=\"(min-width: 2200px) 100vw, (min-width: 784px) 397px, (min-width: 712px) 595px, (min-width: 640px) 712px, \" \/><\/a><\/div><\/div><div style=\"padding:5px;\" class=\"fusion-grid-column fusion-gallery-column fusion-gallery-column-3 hover-type-none\"><div class=\"fusion-gallery-image\"><a href=\"https:\/\/www.iesbeatrizdesuabia.es\/wp-content\/uploads\/2023\/05\/2-4.jpg\" rel=\"noreferrer\" data-rel=\"iLightbox[gallery_image_1]\" class=\"fusion-lightbox\" target=\"_self\"><img decoding=\"async\" src=\"https:\/\/www.iesbeatrizdesuabia.es\/wp-content\/uploads\/2023\/05\/2-4.jpg\" width=\"1599\" height=\"899\" alt=\"\" title=\"2\" aria-label=\"2\" class=\"img-responsive wp-image-1051\" srcset=\"https:\/\/www.iesbeatrizdesuabia.es\/wp-content\/uploads\/2023\/05\/2-4-200x112.jpg 200w, https:\/\/www.iesbeatrizdesuabia.es\/wp-content\/uploads\/2023\/05\/2-4-400x225.jpg 400w, https:\/\/www.iesbeatrizdesuabia.es\/wp-content\/uploads\/2023\/05\/2-4-600x337.jpg 600w, https:\/\/www.iesbeatrizdesuabia.es\/wp-content\/uploads\/2023\/05\/2-4-800x450.jpg 800w, https:\/\/www.iesbeatrizdesuabia.es\/wp-content\/uploads\/2023\/05\/2-4-1200x675.jpg 1200w, https:\/\/www.iesbeatrizdesuabia.es\/wp-content\/uploads\/2023\/05\/2-4.jpg 1599w\" sizes=\"(min-width: 2200px) 100vw, (min-width: 784px) 397px, (min-width: 712px) 595px, (min-width: 640px) 712px, \" \/><\/a><\/div><\/div><div style=\"padding:5px;\" class=\"fusion-grid-column fusion-gallery-column fusion-gallery-column-3 hover-type-none\"><div class=\"fusion-gallery-image\"><a href=\"https:\/\/www.iesbeatrizdesuabia.es\/wp-content\/uploads\/2023\/05\/3-3.jpg\" rel=\"noreferrer\" data-rel=\"iLightbox[gallery_image_1]\" class=\"fusion-lightbox\" target=\"_self\"><img decoding=\"async\" src=\"https:\/\/www.iesbeatrizdesuabia.es\/wp-content\/uploads\/2023\/05\/3-3.jpg\" width=\"1599\" height=\"899\" alt=\"\" title=\"3\" aria-label=\"3\" class=\"img-responsive wp-image-1052\" srcset=\"https:\/\/www.iesbeatrizdesuabia.es\/wp-content\/uploads\/2023\/05\/3-3-200x112.jpg 200w, https:\/\/www.iesbeatrizdesuabia.es\/wp-content\/uploads\/2023\/05\/3-3-400x225.jpg 400w, https:\/\/www.iesbeatrizdesuabia.es\/wp-content\/uploads\/2023\/05\/3-3-600x337.jpg 600w, https:\/\/www.iesbeatrizdesuabia.es\/wp-content\/uploads\/2023\/05\/3-3-800x450.jpg 800w, https:\/\/www.iesbeatrizdesuabia.es\/wp-content\/uploads\/2023\/05\/3-3-1200x675.jpg 1200w, https:\/\/www.iesbeatrizdesuabia.es\/wp-content\/uploads\/2023\/05\/3-3.jpg 1599w\" sizes=\"(min-width: 2200px) 100vw, (min-width: 784px) 397px, (min-width: 712px) 595px, (min-width: 640px) 712px, \" \/><\/a><\/div><\/div><div class=\"clearfix\"><\/div><div style=\"padding:5px;\" class=\"fusion-grid-column fusion-gallery-column fusion-gallery-column-3 hover-type-none\"><div class=\"fusion-gallery-image\"><a href=\"https:\/\/www.iesbeatrizdesuabia.es\/wp-content\/uploads\/2023\/05\/4-3.jpg\" rel=\"noreferrer\" data-rel=\"iLightbox[gallery_image_1]\" class=\"fusion-lightbox\" target=\"_self\"><img decoding=\"async\" src=\"https:\/\/www.iesbeatrizdesuabia.es\/wp-content\/uploads\/2023\/05\/4-3.jpg\" width=\"1600\" height=\"1200\" alt=\"\" title=\"4\" aria-label=\"4\" class=\"img-responsive wp-image-1053\" srcset=\"https:\/\/www.iesbeatrizdesuabia.es\/wp-content\/uploads\/2023\/05\/4-3-200x150.jpg 200w, https:\/\/www.iesbeatrizdesuabia.es\/wp-content\/uploads\/2023\/05\/4-3-400x300.jpg 400w, https:\/\/www.iesbeatrizdesuabia.es\/wp-content\/uploads\/2023\/05\/4-3-600x450.jpg 600w, https:\/\/www.iesbeatrizdesuabia.es\/wp-content\/uploads\/2023\/05\/4-3-800x600.jpg 800w, https:\/\/www.iesbeatrizdesuabia.es\/wp-content\/uploads\/2023\/05\/4-3-1200x900.jpg 1200w, https:\/\/www.iesbeatrizdesuabia.es\/wp-content\/uploads\/2023\/05\/4-3.jpg 1600w\" sizes=\"(min-width: 2200px) 100vw, (min-width: 784px) 397px, (min-width: 712px) 595px, (min-width: 640px) 712px, \" \/><\/a><\/div><\/div><div style=\"padding:5px;\" class=\"fusion-grid-column fusion-gallery-column fusion-gallery-column-3 hover-type-none\"><div class=\"fusion-gallery-image\"><a href=\"https:\/\/www.iesbeatrizdesuabia.es\/wp-content\/uploads\/2023\/05\/5-3.jpg\" rel=\"noreferrer\" data-rel=\"iLightbox[gallery_image_1]\" class=\"fusion-lightbox\" target=\"_self\"><img decoding=\"async\" src=\"https:\/\/www.iesbeatrizdesuabia.es\/wp-content\/uploads\/2023\/05\/5-3.jpg\" width=\"1600\" height=\"1200\" alt=\"\" title=\"5\" aria-label=\"5\" class=\"img-responsive wp-image-1054\" srcset=\"https:\/\/www.iesbeatrizdesuabia.es\/wp-content\/uploads\/2023\/05\/5-3-200x150.jpg 200w, https:\/\/www.iesbeatrizdesuabia.es\/wp-content\/uploads\/2023\/05\/5-3-400x300.jpg 400w, https:\/\/www.iesbeatrizdesuabia.es\/wp-content\/uploads\/2023\/05\/5-3-600x450.jpg 600w, https:\/\/www.iesbeatrizdesuabia.es\/wp-content\/uploads\/2023\/05\/5-3-800x600.jpg 800w, https:\/\/www.iesbeatrizdesuabia.es\/wp-content\/uploads\/2023\/05\/5-3-1200x900.jpg 1200w, https:\/\/www.iesbeatrizdesuabia.es\/wp-content\/uploads\/2023\/05\/5-3.jpg 1600w\" sizes=\"(min-width: 2200px) 100vw, (min-width: 784px) 397px, (min-width: 712px) 595px, (min-width: 640px) 712px, \" \/><\/a><\/div><\/div><div style=\"padding:5px;\" class=\"fusion-grid-column fusion-gallery-column fusion-gallery-column-3 hover-type-none\"><div class=\"fusion-gallery-image\"><a href=\"https:\/\/www.iesbeatrizdesuabia.es\/wp-content\/uploads\/2023\/05\/6-3.jpg\" rel=\"noreferrer\" data-rel=\"iLightbox[gallery_image_1]\" class=\"fusion-lightbox\" target=\"_self\"><img decoding=\"async\" src=\"https:\/\/www.iesbeatrizdesuabia.es\/wp-content\/uploads\/2023\/05\/6-3.jpg\" width=\"1600\" height=\"1200\" alt=\"\" title=\"6\" aria-label=\"6\" class=\"img-responsive wp-image-1055\" srcset=\"https:\/\/www.iesbeatrizdesuabia.es\/wp-content\/uploads\/2023\/05\/6-3-200x150.jpg 200w, https:\/\/www.iesbeatrizdesuabia.es\/wp-content\/uploads\/2023\/05\/6-3-400x300.jpg 400w, https:\/\/www.iesbeatrizdesuabia.es\/wp-content\/uploads\/2023\/05\/6-3-600x450.jpg 600w, https:\/\/www.iesbeatrizdesuabia.es\/wp-content\/uploads\/2023\/05\/6-3-800x600.jpg 800w, https:\/\/www.iesbeatrizdesuabia.es\/wp-content\/uploads\/2023\/05\/6-3-1200x900.jpg 1200w, https:\/\/www.iesbeatrizdesuabia.es\/wp-content\/uploads\/2023\/05\/6-3.jpg 1600w\" sizes=\"(min-width: 2200px) 100vw, (min-width: 784px) 397px, (min-width: 712px) 595px, (min-width: 640px) 712px, \" \/><\/a><\/div><\/div><div class=\"clearfix\"><\/div><div style=\"padding:5px;\" class=\"fusion-grid-column fusion-gallery-column fusion-gallery-column-3 hover-type-none\"><div class=\"fusion-gallery-image\"><a href=\"https:\/\/www.iesbeatrizdesuabia.es\/wp-content\/uploads\/2023\/05\/7-3.jpg\" rel=\"noreferrer\" data-rel=\"iLightbox[gallery_image_1]\" class=\"fusion-lightbox\" target=\"_self\"><img decoding=\"async\" src=\"https:\/\/www.iesbeatrizdesuabia.es\/wp-content\/uploads\/2023\/05\/7-3.jpg\" width=\"1536\" height=\"2048\" alt=\"\" title=\"7\" aria-label=\"7\" class=\"img-responsive wp-image-1056\" srcset=\"https:\/\/www.iesbeatrizdesuabia.es\/wp-content\/uploads\/2023\/05\/7-3-200x267.jpg 200w, https:\/\/www.iesbeatrizdesuabia.es\/wp-content\/uploads\/2023\/05\/7-3-400x533.jpg 400w, https:\/\/www.iesbeatrizdesuabia.es\/wp-content\/uploads\/2023\/05\/7-3-600x800.jpg 600w, https:\/\/www.iesbeatrizdesuabia.es\/wp-content\/uploads\/2023\/05\/7-3-800x1067.jpg 800w, https:\/\/www.iesbeatrizdesuabia.es\/wp-content\/uploads\/2023\/05\/7-3-1200x1600.jpg 1200w, https:\/\/www.iesbeatrizdesuabia.es\/wp-content\/uploads\/2023\/05\/7-3.jpg 1536w\" sizes=\"(min-width: 2200px) 100vw, (min-width: 784px) 397px, (min-width: 712px) 595px, (min-width: 640px) 712px, \" \/><\/a><\/div><\/div><div style=\"padding:5px;\" class=\"fusion-grid-column fusion-gallery-column fusion-gallery-column-3 hover-type-none\"><div class=\"fusion-gallery-image\"><a href=\"https:\/\/www.iesbeatrizdesuabia.es\/wp-content\/uploads\/2023\/05\/8-2.jpg\" rel=\"noreferrer\" data-rel=\"iLightbox[gallery_image_1]\" class=\"fusion-lightbox\" target=\"_self\"><img decoding=\"async\" src=\"https:\/\/www.iesbeatrizdesuabia.es\/wp-content\/uploads\/2023\/05\/8-2.jpg\" width=\"1599\" height=\"1200\" alt=\"\" title=\"8\" aria-label=\"8\" class=\"img-responsive wp-image-1057\" srcset=\"https:\/\/www.iesbeatrizdesuabia.es\/wp-content\/uploads\/2023\/05\/8-2-200x150.jpg 200w, https:\/\/www.iesbeatrizdesuabia.es\/wp-content\/uploads\/2023\/05\/8-2-400x300.jpg 400w, https:\/\/www.iesbeatrizdesuabia.es\/wp-content\/uploads\/2023\/05\/8-2-600x450.jpg 600w, https:\/\/www.iesbeatrizdesuabia.es\/wp-content\/uploads\/2023\/05\/8-2-800x600.jpg 800w, https:\/\/www.iesbeatrizdesuabia.es\/wp-content\/uploads\/2023\/05\/8-2-1200x901.jpg 1200w, https:\/\/www.iesbeatrizdesuabia.es\/wp-content\/uploads\/2023\/05\/8-2.jpg 1599w\" sizes=\"(min-width: 2200px) 100vw, (min-width: 784px) 397px, (min-width: 712px) 595px, (min-width: 640px) 712px, \" \/><\/a><\/div><\/div><\/div><\/div><\/div><style type=\"text\/css\">.fusion-body .fusion-builder-column-0{width:100% !important;margin-top : 0px;margin-bottom : 20px;}.fusion-builder-column-0 > .fusion-column-wrapper {padding-top : 0px !important;padding-right : 0px !important;margin-right : 1.92%;padding-bottom : 0px !important;padding-left : 0px !important;margin-left : 1.92%;}@media only screen and (max-width:1024px) {.fusion-body .fusion-builder-column-0{width:100% !important;order : 0;}.fusion-builder-column-0 > .fusion-column-wrapper {margin-right : 1.92%;margin-left : 1.92%;}}@media only screen and (max-width:640px) {.fusion-body .fusion-builder-column-0{width:100% !important;order : 0;}.fusion-builder-column-0 > .fusion-column-wrapper {margin-right : 1.92%;margin-left : 1.92%;}}<\/style><\/div><style type=\"text\/css\">.fusion-body .fusion-flex-container.fusion-builder-row-1{ padding-top : 0px;margin-top : 0px;padding-right : 0px;padding-bottom : 0px;margin-bottom : 0px;padding-left : 0px;}<\/style><\/div>\n<div class=\"pvc_clear\"><\/div>\n<p id=\"pvc_stats_1048\" class=\"pvc_stats all  \" data-element-id=\"1048\" style=\"\"><i class=\"pvc-stats-icon medium\" aria-hidden=\"true\"><svg aria-hidden=\"true\" focusable=\"false\" data-prefix=\"far\" data-icon=\"chart-bar\" role=\"img\" xmlns=\"http:\/\/www.w3.org\/2000\/svg\" viewBox=\"0 0 512 512\" class=\"svg-inline--fa fa-chart-bar fa-w-16 fa-2x\"><path fill=\"currentColor\" d=\"M396.8 352h22.4c6.4 0 12.8-6.4 12.8-12.8V108.8c0-6.4-6.4-12.8-12.8-12.8h-22.4c-6.4 0-12.8 6.4-12.8 12.8v230.4c0 6.4 6.4 12.8 12.8 12.8zm-192 0h22.4c6.4 0 12.8-6.4 12.8-12.8V140.8c0-6.4-6.4-12.8-12.8-12.8h-22.4c-6.4 0-12.8 6.4-12.8 12.8v198.4c0 6.4 6.4 12.8 12.8 12.8zm96 0h22.4c6.4 0 12.8-6.4 12.8-12.8V204.8c0-6.4-6.4-12.8-12.8-12.8h-22.4c-6.4 0-12.8 6.4-12.8 12.8v134.4c0 6.4 6.4 12.8 12.8 12.8zM496 400H48V80c0-8.84-7.16-16-16-16H16C7.16 64 0 71.16 0 80v336c0 17.67 14.33 32 32 32h464c8.84 0 16-7.16 16-16v-16c0-8.84-7.16-16-16-16zm-387.2-48h22.4c6.4 0 12.8-6.4 12.8-12.8v-70.4c0-6.4-6.4-12.8-12.8-12.8h-22.4c-6.4 0-12.8 6.4-12.8 12.8v70.4c0 6.4 6.4 12.8 12.8 12.8z\" class=\"\"><\/path><\/svg><\/i> <img decoding=\"async\" width=\"16\" height=\"16\" alt=\"Loading\" src=\"https:\/\/www.iesbeatrizdesuabia.es\/wp-content\/plugins\/page-views-count\/ajax-loader-2x.gif\" border=0 \/><\/p>\n<div class=\"pvc_clear\"><\/div>\n","protected":false},"excerpt":{"rendered":"<div class=\"pvc_clear\"><\/div>\n<p id=\"pvc_stats_1048\" class=\"pvc_stats all  \" data-element-id=\"1048\" style=\"\"><i class=\"pvc-stats-icon medium\" aria-hidden=\"true\"><svg aria-hidden=\"true\" focusable=\"false\" data-prefix=\"far\" data-icon=\"chart-bar\" role=\"img\" xmlns=\"http:\/\/www.w3.org\/2000\/svg\" viewBox=\"0 0 512 512\" class=\"svg-inline--fa fa-chart-bar fa-w-16 fa-2x\"><path fill=\"currentColor\" d=\"M396.8 352h22.4c6.4 0 12.8-6.4 12.8-12.8V108.8c0-6.4-6.4-12.8-12.8-12.8h-22.4c-6.4 0-12.8 6.4-12.8 12.8v230.4c0 6.4 6.4 12.8 12.8 12.8zm-192 0h22.4c6.4 0 12.8-6.4 12.8-12.8V140.8c0-6.4-6.4-12.8-12.8-12.8h-22.4c-6.4 0-12.8 6.4-12.8 12.8v198.4c0 6.4 6.4 12.8 12.8 12.8zm96 0h22.4c6.4 0 12.8-6.4 12.8-12.8V204.8c0-6.4-6.4-12.8-12.8-12.8h-22.4c-6.4 0-12.8 6.4-12.8 12.8v134.4c0 6.4 6.4 12.8 12.8 12.8zM496 400H48V80c0-8.84-7.16-16-16-16H16C7.16 64 0 71.16 0 80v336c0 17.67 14.33 32 32 32h464c8.84 0 16-7.16 16-16v-16c0-8.84-7.16-16-16-16zm-387.2-48h22.4c6.4 0 12.8-6.4 12.8-12.8v-70.4c0-6.4-6.4-12.8-12.8-12.8h-22.4c-6.4 0-12.8 6.4-12.8 12.8v70.4c0 6.4 6.4 12.8 12.8 12.8z\" class=\"\"><\/path><\/svg><\/i> <img decoding=\"async\" width=\"16\" height=\"16\" alt=\"Loading\" src=\"https:\/\/www.iesbeatrizdesuabia.es\/wp-content\/plugins\/page-views-count\/ajax-loader-2x.gif\" border=0 \/><\/p>\n<div class=\"pvc_clear\"><\/div>\n","protected":false},"author":1,"featured_media":0,"parent":0,"menu_order":0,"comment_status":"closed","ping_status":"closed","template":"","meta":{"footnotes":""},"class_list":["post-1048","page","type-page","status-publish","hentry"],"_links":{"self":[{"href":"https:\/\/www.iesbeatrizdesuabia.es\/index.php?rest_route=\/wp\/v2\/pages\/1048","targetHints":{"allow":["GET"]}}],"collection":[{"href":"https:\/\/www.iesbeatrizdesuabia.es\/index.php?rest_route=\/wp\/v2\/pages"}],"about":[{"href":"https:\/\/www.iesbeatrizdesuabia.es\/index.php?rest_route=\/wp\/v2\/types\/page"}],"author":[{"embeddable":true,"href":"https:\/\/www.iesbeatrizdesuabia.es\/index.php?rest_route=\/wp\/v2\/users\/1"}],"replies":[{"embeddable":true,"href":"https:\/\/www.iesbeatrizdesuabia.es\/index.php?rest_route=%2Fwp%2Fv2%2Fcomments&post=1048"}],"version-history":[{"count":3,"href":"https:\/\/www.iesbeatrizdesuabia.es\/index.php?rest_route=\/wp\/v2\/pages\/1048\/revisions"}],"predecessor-version":[{"id":2411,"href":"https:\/\/www.iesbeatrizdesuabia.es\/index.php?rest_route=\/wp\/v2\/pages\/1048\/revisions\/2411"}],"wp:attachment":[{"href":"https:\/\/www.iesbeatrizdesuabia.es\/index.php?rest_route=%2Fwp%2Fv2%2Fmedia&parent=1048"}],"curies":[{"name":"wp","href":"https:\/\/api.w.org\/{rel}","templated":true}]}}